{"id":95,"date":"2023-05-05T20:58:46","date_gmt":"2023-05-05T20:58:46","guid":{"rendered":"https:\/\/fmo-taxi.com\/?page_id=95"},"modified":"2026-01-07T00:28:22","modified_gmt":"2026-01-07T00:28:22","slug":"jobs","status":"publish","type":"page","link":"https:\/\/www.fmo-taxi.com\/en\/jobs\/","title":{"rendered":"Jobs"},"content":{"rendered":"<h2 class=\"wp-block-heading\"><strong>Fahrer:in (m\/w\/d) f\u00fcr Flughafentransfer gesucht<\/strong><\/h2>\n\n\n\n<p>Minijob (bis 603 \u20ac) oder Midijob (bis 2.000 \u20ac)<\/p>\n\n\n\n<hr class=\"wp-block-separator has-alpha-channel-opacity\"\/>\n\n\n\n<p>Wir suchen motivierte Fahrer:innen, die Freude am Umgang mit Menschen haben und unseren Kund:innen einen angenehmen Fahrservice bieten m\u00f6chten.<\/p>\n\n\n\n<hr class=\"wp-block-separator has-alpha-channel-opacity\"\/>\n\n\n\n<div style=\"height:20px\" aria-hidden=\"true\" class=\"wp-block-spacer\"><\/div>\n\n\n\n<p><strong>Was wir bieten:<\/strong><\/p>\n\n\n\n<div style=\"height:20px\" aria-hidden=\"true\" class=\"wp-block-spacer\"><\/div>\n\n\n\n<ul class=\"wp-block-list\">\n<li>Faire Bezahlung mit attraktivem Stundenlohn + Jahresbonus<\/li>\n\n\n\n<li>Flexible Arbeitszeiten \u2013 ideal zur Vereinbarkeit mit Beruf oder Privatleben<\/li>\n\n\n\n<li>Hochwertige, moderne, top gepflegte Fahrzeuge<\/li>\n\n\n\n<li>Feste Gehaltszahlungen \u2013 keine Provisionsverg\u00fctung<\/li>\n\n\n\n<li>Freundliche, angenehme Kundschaft<\/li>\n<\/ul>\n\n\n\n<div style=\"height:20px\" aria-hidden=\"true\" class=\"wp-block-spacer\"><\/div>\n\n\n\n<p><strong>Deine Aufgaben:<\/strong><\/p>\n\n\n\n<div style=\"height:20px\" aria-hidden=\"true\" class=\"wp-block-spacer\"><\/div>\n\n\n\n<ul class=\"wp-block-list\">\n<li>Fahrservice f\u00fcr unsere Kund:innen \u2013 z. B. Transfers zu Flugh\u00e4fen, St\u00e4dten oder Urlaubsorten<\/li>\n\n\n\n<li>Sicheres, freundliches Auftreten und zuverl\u00e4ssiger Service<\/li>\n<\/ul>\n\n\n\n<div style=\"height:20px\" aria-hidden=\"true\" class=\"wp-block-spacer\"><\/div>\n\n\n\n<p><strong>Dein Profil:<\/strong><\/p>\n\n\n\n<div style=\"height:20px\" aria-hidden=\"true\" class=\"wp-block-spacer\"><\/div>\n\n\n\n<ul class=\"wp-block-list\">\n<li>Mindestalter:&nbsp;<strong>25 Jahre<\/strong><\/li>\n\n\n\n<li>G\u00fcltiger&nbsp;<strong>PKW-F\u00fchrerschein (Klasse B)<\/strong><\/li>\n\n\n\n<li>Gute&nbsp;<strong>Deutsch- und Englischkenntnisse<\/strong>&nbsp;f\u00fcr nationale und internationale G\u00e4ste<\/li>\n\n\n\n<li><strong>Zuverl\u00e4ssig, freundlich<\/strong>&nbsp;und dienstleistungsorientiert<\/li>\n\n\n\n<li>Freude am eigenverantwortlichen Arbeiten, aber auch im Team<\/li>\n\n\n\n<li><strong>Smartphone-affin<\/strong>&nbsp;(Navigation, Kommunikation etc.)<\/li>\n\n\n\n<li><strong>Personenbef\u00f6rderungsschein<\/strong>&nbsp;erforderlich <\/li>\n\n\n\n<li>(Hinweis: Eine Ortskenntnispr\u00fcfung ist nicht mehr notwendig.)<\/li>\n\n\n\n<li><strong>Auch Rentner:innen sind herzlich willkommen!<\/strong>\u00a0\u2013  \u00a0Aktivrentengesetz<\/li>\n\n\n\n<li>Arbeitende Rentner d\u00fcrfen bis zu 2.000\u202f\u20ac monatlich steuerfrei hinzuverdienen. Wenn Du Freude am Fahren hast und gerne im Kontakt mit Menschen bist, passt Du perfekt zu uns.<\/li>\n<\/ul>\n\n\n\n<div style=\"height:20px\" aria-hidden=\"true\" class=\"wp-block-spacer\"><\/div>\n\n\n\n<p><strong>Personenbef\u00f6rderungsschein:<\/strong><\/p>\n\n\n\n<div style=\"height:20px\" aria-hidden=\"true\" class=\"wp-block-spacer\"><\/div>\n\n\n\n<p>Wer gewerblich oder gesch\u00e4ftsm\u00e4\u00dfig bis zu acht Personen bef\u00f6rdern m\u00f6chte, bedarf einer Fahrerlaubnis zur Fahrgastbef\u00f6rderung gem\u00e4\u00df \u00a7 48 Fahrerlaubnisverordnung (FeV).&nbsp;Weitere Infos findest Du <a href=\"https:\/\/www.stadt-muenster.de\/kfz\/berufliches-fahren\/ersterteilung-von-fahrerlaubnissen-zur-fahrgastbefoerderung\">HIER<\/a><\/p>\n\n\n\n<div style=\"height:20px\" aria-hidden=\"true\" class=\"wp-block-spacer\"><\/div>\n\n\n\n<div class=\"wp-block-group is-nowrap is-layout-flex wp-container-core-group-is-layout-ad2f72ca wp-block-group-is-layout-flex\">\n<p><strong>Interesse geweckt?<\/strong><\/p>\n\n\n\n<div style=\"height:20px;width:0px\" aria-hidden=\"true\" class=\"wp-block-spacer wp-container-content-62aae154\"><\/div>\n<\/div>\n\n\n\n<div style=\"height:20px\" aria-hidden=\"true\" class=\"wp-block-spacer\"><\/div>\n\n\n\n<p>Dann sende uns deine kurze, aussagekr\u00e4ftige Bewerbung mit Foto per E-Mail an:<\/p>\n\n\n\n<p><a href=\"mailto:info@fmo-taxi.com\">info@fmo-taxi.com<\/a><\/p>\n\n\n\n<p>Alle Angaben werden selbstverst\u00e4ndlich&nbsp;<strong>vertraulich<\/strong>&nbsp;behandelt.<\/p>\n\n\n\n<p><strong>Bitte sieh von telefonischen Bewerbungen ab.<\/strong>&nbsp;<\/p>\n\n\n\n<p><\/p>","protected":false},"excerpt":{"rendered":"<p>Fahrer:in (m\/w\/d) f\u00fcr Flughafentransfer gesucht Minijob (bis 603 \u20ac) oder Midijob (bis 2.000 \u20ac) Wir suchen motivierte Fahrer:innen, die Freude am Umgang mit Menschen haben und unseren Kund:innen einen angenehmen Fahrservice bieten m\u00f6chten. Was wir bieten: Deine Aufgaben: Dein Profil: Personenbef\u00f6rderungsschein: Wer gewerblich oder gesch\u00e4ftsm\u00e4\u00dfig bis zu acht Personen bef\u00f6rdern m\u00f6chte, bedarf einer Fahrerlaubnis zur [&hellip;]<\/p>\n","protected":false},"author":1,"featured_media":0,"parent":0,"menu_order":0,"comment_status":"closed","ping_status":"closed","template":"","meta":{"footnotes":""},"class_list":["post-95","page","type-page","status-publish","hentry"],"_links":{"self":[{"href":"https:\/\/www.fmo-taxi.com\/en\/wp-json\/wp\/v2\/pages\/95","targetHints":{"allow":["GET"]}}],"collection":[{"href":"https:\/\/www.fmo-taxi.com\/en\/wp-json\/wp\/v2\/pages"}],"about":[{"href":"https:\/\/www.fmo-taxi.com\/en\/wp-json\/wp\/v2\/types\/page"}],"author":[{"embeddable":true,"href":"https:\/\/www.fmo-taxi.com\/en\/wp-json\/wp\/v2\/users\/1"}],"replies":[{"embeddable":true,"href":"https:\/\/www.fmo-taxi.com\/en\/wp-json\/wp\/v2\/comments?post=95"}],"version-history":[{"count":32,"href":"https:\/\/www.fmo-taxi.com\/en\/wp-json\/wp\/v2\/pages\/95\/revisions"}],"predecessor-version":[{"id":2673,"href":"https:\/\/www.fmo-taxi.com\/en\/wp-json\/wp\/v2\/pages\/95\/revisions\/2673"}],"wp:attachment":[{"href":"https:\/\/www.fmo-taxi.com\/en\/wp-json\/wp\/v2\/media?parent=95"}],"curies":[{"name":"wp","href":"https:\/\/api.w.org\/{rel}","templated":true}]}}