{"id":223,"date":"2023-05-08T22:53:33","date_gmt":"2023-05-08T22:53:33","guid":{"rendered":"https:\/\/fmo-taxi.com\/?page_id=223"},"modified":"2026-03-18T04:10:27","modified_gmt":"2026-03-18T04:10:27","slug":"angebot-anfragen","status":"publish","type":"page","link":"https:\/\/www.fmo-taxi.com\/en\/angebot-anfragen\/","title":{"rendered":"Request a quote"},"content":{"rendered":"<h2 class=\"wp-block-heading\"><strong>No surprises. Just precise fares.<\/strong><\/h2>\n\n\n\n<hr class=\"wp-block-separator has-alpha-channel-opacity is-style-default\"\/>\n\n\n\n<p>While platforms like Uber rely on algorithms, we rely on real people with real experience.<\/p>\n\n\n\n<p>Your fare is calculated by professionals with in-depth local knowledge and many years of expertise in passenger transport.\nThis ensures not only fair pricing, but also a superior level of service.\nTo provide you with the most accurate quote possible, please share your pickup and drop-off addresses in as much detail as possible.<\/p>\n\n\n\n<div style=\"height:30px\" aria-hidden=\"true\" class=\"wp-block-spacer\"><\/div>\n\n\n\n<div class=\"wp-block-contact-form-7-contact-form-selector\">\n<div class=\"wpcf7 no-js\" id=\"wpcf7-f113-o1\" lang=\"de-DE\" dir=\"ltr\" data-wpcf7-id=\"113\">\n<div class=\"screen-reader-response\"><p role=\"status\" aria-live=\"polite\" aria-atomic=\"true\"><\/p> <ul><\/ul><\/div>\n<form action=\"\/en\/wp-json\/wp\/v2\/pages\/223#wpcf7-f113-o1\" method=\"post\" class=\"wpcf7-form init\" aria-label=\"Kontaktformular\" enctype=\"multipart\/form-data\" novalidate=\"novalidate\" data-status=\"init\" data-trp-original-action=\"\/en\/wp-json\/wp\/v2\/pages\/223#wpcf7-f113-o1\">\n<fieldset class=\"hidden-fields-container\"><input type=\"hidden\" name=\"_wpcf7\" value=\"113\" \/><input type=\"hidden\" name=\"_wpcf7_version\" value=\"6.1.3\" \/><input type=\"hidden\" name=\"_wpcf7_locale\" value=\"de_DE\" \/><input type=\"hidden\" name=\"_wpcf7_unit_tag\" value=\"wpcf7-f113-o1\" \/><input type=\"hidden\" name=\"_wpcf7_container_post\" value=\"0\" \/><input type=\"hidden\" name=\"_wpcf7_posted_data_hash\" value=\"\" \/><input type=\"hidden\" name=\"_wpcf7_recaptcha_response\" value=\"\" \/>\n<\/fieldset>\n<p><label> Required fields are marked with an * <\/label><br \/>\n<label> <span class=\"wpcf7-form-control-wrap\" data-name=\"your-name\"><input size=\"40\" maxlength=\"400\" class=\"wpcf7-form-control wpcf7-text wpcf7-validates-as-required\" aria-required=\"true\" aria-invalid=\"false\" placeholder=\"*Your first name, last name please\" value=\"\" type=\"text\" name=\"your-name\" \/><\/span> <\/label><br \/>\n<label> <span class=\"wpcf7-form-control-wrap\" data-name=\"your-email\"><input size=\"40\" maxlength=\"400\" class=\"wpcf7-form-control wpcf7-email wpcf7-validates-as-required wpcf7-text wpcf7-validates-as-email\" aria-required=\"true\" aria-invalid=\"false\" placeholder=\"*Your email address\" value=\"\" type=\"email\" name=\"your-email\" \/><\/span> <\/label><br \/>\n<label> *Reason for travel <\/label><span class=\"wpcf7-form-control-wrap\" data-name=\"menu-304\"><select class=\"wpcf7-form-control wpcf7-select wpcf7-validates-as-required\" aria-required=\"true\" aria-invalid=\"false\" name=\"menu-304\"><option value=\"\">&#8211; Bitte ausw\u00e4hlen &#8211;<\/option><option value=\"business\">business<\/option><option value=\"privat\">privat<\/option><\/select><\/span><br \/>\n<label> *Number of people <span class=\"wpcf7-form-control-wrap\" data-name=\"menu-275\"><select class=\"wpcf7-form-control wpcf7-select wpcf7-validates-as-required\" aria-required=\"true\" aria-invalid=\"false\" name=\"menu-275\"><option value=\"\">&#8211; Bitte ausw\u00e4hlen &#8211;<\/option><option value=\"1-3 Sedan (PKW)\">1-3 Sedan (PKW)<\/option><option value=\"4-6 Mini VAN (Bus)\">4-6 Mini VAN (Bus)<\/option><option value=\"mehr als 6 PAX\">mehr als 6 PAX<\/option><\/select><\/span> <\/label><br \/>\n<span class=\"wpcf7-form-control-wrap\" data-name=\"travel-datetime\"><input size=\"40\" maxlength=\"400\" class=\"wpcf7-form-control wpcf7-text wpcf7-validates-as-required\" id=\"travel-datetime\" aria-required=\"true\" aria-invalid=\"false\" placeholder=\"*pick date &amp; time\" value=\"\" type=\"text\" name=\"travel-datetime\" \/><\/span><br \/>\n<label> <span class=\"wpcf7-form-control-wrap\" data-name=\"text-929\"><input size=\"40\" maxlength=\"400\" class=\"wpcf7-form-control wpcf7-text wpcf7-validates-as-required\" aria-required=\"true\" aria-invalid=\"false\" placeholder=\"*Start ZIP code-city-street\" value=\"\" type=\"text\" name=\"text-929\" \/><\/span> <\/label><br \/>\n<label> <span class=\"wpcf7-form-control-wrap\" data-name=\"text-752\"><input size=\"40\" maxlength=\"400\" class=\"wpcf7-form-control wpcf7-text wpcf7-validates-as-required\" aria-required=\"true\" aria-invalid=\"false\" placeholder=\"*Destination ZIP code-city-street\" value=\"\" type=\"text\" name=\"text-752\" \/><\/span> <\/label><br \/>\n<span class=\"wpcf7-form-control-wrap\" data-name=\"checkbox-966\"><span class=\"wpcf7-form-control wpcf7-checkbox wpcf7-validates-as-required wpcf7-exclusive-checkbox\"><span class=\"wpcf7-list-item first\"><label><input type=\"checkbox\" name=\"checkbox-966\" value=\"nur Hinweg\" \/><span class=\"wpcf7-list-item-label\">Just away<\/span><\/label><\/span><span class=\"wpcf7-list-item last\"><label><input type=\"checkbox\" name=\"checkbox-966\" value=\"hin&amp;zur\u00fcck\" \/><span class=\"wpcf7-list-item-label\">Back and forth<\/span><\/label><\/span><\/span><\/span><br \/>\n<label> <span class=\"wpcf7-form-control-wrap\" data-name=\"your-message\"><textarea cols=\"40\" rows=\"10\" maxlength=\"2000\" class=\"wpcf7-form-control wpcf7-textarea\" aria-invalid=\"false\" placeholder=\"Your additional information\" name=\"your-message\"><\/textarea><\/span> <\/label><br \/>\n<label> <span class=\"wpcf7-form-control-wrap\" data-name=\"tel-596\"><input size=\"40\" maxlength=\"400\" class=\"wpcf7-form-control wpcf7-tel wpcf7-text wpcf7-validates-as-tel\" aria-invalid=\"false\" placeholder=\"Your telephone number for any questions\" value=\"\" type=\"tel\" name=\"tel-596\" \/><\/span> <\/label><br \/>\n<label> Upload itinerary<br \/>\n<span class=\"wpcf7-form-control-wrap\" data-name=\"file-998\"><input size=\"40\" class=\"wpcf7-form-control wpcf7-file\" accept=\"audio\/*,video\/*,image\/*\" aria-invalid=\"false\" type=\"file\" name=\"file-998\" \/><\/span> <\/label>\n<\/p>\n<p><input class=\"wpcf7-form-control wpcf7-submit has-spinner\" type=\"submit\" value=\"Senden\" \/>\n<\/p><input type='hidden' class='wpcf7-pum' value='{\"closepopup\":false,\"closedelay\":0,\"openpopup\":false,\"openpopup_id\":0}' \/><div class=\"wpcf7-response-output\" aria-hidden=\"true\"><\/div>\n<input type=\"hidden\" name=\"trp-form-language\" value=\"en\"\/><\/form>\n<\/div>\n<\/div>","protected":false},"excerpt":{"rendered":"<p>Keine \u00dcberraschungen \u2013 nur faire Preise W\u00e4hrend bei Plattformen wie Uber Algorithmen entscheiden, setzen wir auf echte Menschen mit Erfahrung! Unsere Preisberechnung erfolgt durch Mitarbeiter mit fundierter Ortskenntnis und langj\u00e4hriger Fahrdienstpraxis. So stellen wir sicher, dass Sie nicht nur fair bezahlen, sondern auch besten Service genie\u00dfen. Damit wir Ihr individuelles Angebot m\u00f6glichst genau kalkulieren k\u00f6nnen, [&hellip;]<\/p>\n","protected":false},"author":1,"featured_media":0,"parent":0,"menu_order":0,"comment_status":"closed","ping_status":"closed","template":"","meta":{"footnotes":""},"class_list":["post-223","page","type-page","status-publish","hentry"],"_links":{"self":[{"href":"https:\/\/www.fmo-taxi.com\/en\/wp-json\/wp\/v2\/pages\/223","targetHints":{"allow":["GET"]}}],"collection":[{"href":"https:\/\/www.fmo-taxi.com\/en\/wp-json\/wp\/v2\/pages"}],"about":[{"href":"https:\/\/www.fmo-taxi.com\/en\/wp-json\/wp\/v2\/types\/page"}],"author":[{"embeddable":true,"href":"https:\/\/www.fmo-taxi.com\/en\/wp-json\/wp\/v2\/users\/1"}],"replies":[{"embeddable":true,"href":"https:\/\/www.fmo-taxi.com\/en\/wp-json\/wp\/v2\/comments?post=223"}],"version-history":[{"count":12,"href":"https:\/\/www.fmo-taxi.com\/en\/wp-json\/wp\/v2\/pages\/223\/revisions"}],"predecessor-version":[{"id":2110,"href":"https:\/\/www.fmo-taxi.com\/en\/wp-json\/wp\/v2\/pages\/223\/revisions\/2110"}],"wp:attachment":[{"href":"https:\/\/www.fmo-taxi.com\/en\/wp-json\/wp\/v2\/media?parent=223"}],"curies":[{"name":"wp","href":"https:\/\/api.w.org\/{rel}","templated":true}]}}