{"id":127,"date":"2023-05-05T21:22:42","date_gmt":"2023-05-05T21:22:42","guid":{"rendered":"https:\/\/fmo-taxi.com\/?page_id=127"},"modified":"2023-05-12T21:57:49","modified_gmt":"2023-05-12T21:57:49","slug":"fahrzeuge","status":"publish","type":"page","link":"https:\/\/www.fmo-taxi.com\/en\/fahrzeuge\/","title":{"rendered":"Vehicles"},"content":{"rendered":"<p><\/p>\n\n\n\n<h2 class=\"wp-block-heading alignwide\">The Sedan E-Class 1-3 passengers<\/h2>\n\n\n\n<hr class=\"wp-block-separator has-alpha-channel-opacity is-style-wide\"\/>\n\n\n\n<figure class=\"wp-block-video\"><video autoplay loop muted src=\"https:\/\/www.fmo-taxi.com\/wp-content\/uploads\/2023\/05\/E-Interieur.mp4\"><\/video><\/figure>\n\n\n\n<div class=\"wp-block-media-text alignwide has-media-on-the-right is-stacked-on-mobile\"><div class=\"wp-block-media-text__content\">\n<p>Travel in the Mercedes E-Class with a classy interior for the highest possible travel comfort. The air conditioning ensures a pleasant climate during the journey. In addition, the tinted windows protect your privacy from outside views.<\/p>\n<\/div><figure class=\"wp-block-media-text__media\"><img loading=\"lazy\" decoding=\"async\" width=\"1024\" height=\"448\" src=\"http:\/\/fmo-taxi.com\/wp-content\/uploads\/2023\/05\/Mercedes-E-Klasse-220-T-links-1024x448.jpg\" alt=\"\" class=\"wp-image-141 size-full\" srcset=\"https:\/\/www.fmo-taxi.com\/wp-content\/uploads\/2023\/05\/Mercedes-E-Klasse-220-T-links-1024x448.jpg 1024w, https:\/\/www.fmo-taxi.com\/wp-content\/uploads\/2023\/05\/Mercedes-E-Klasse-220-T-links-300x131.jpg 300w, https:\/\/www.fmo-taxi.com\/wp-content\/uploads\/2023\/05\/Mercedes-E-Klasse-220-T-links-768x336.jpg 768w, https:\/\/www.fmo-taxi.com\/wp-content\/uploads\/2023\/05\/Mercedes-E-Klasse-220-T-links-1536x672.jpg 1536w, https:\/\/www.fmo-taxi.com\/wp-content\/uploads\/2023\/05\/Mercedes-E-Klasse-220-T-links-2048x896.jpg 2048w\" sizes=\"auto, (max-width: 1024px) 100vw, 1024px\" \/><\/figure><\/div>\n\n\n\n<h2 class=\"wp-block-heading alignwide has-text-align-left\">Equipment &amp; Luggage<\/h2>\n\n\n\n<div class=\"wp-block-media-text alignwide has-media-on-the-right is-stacked-on-mobile has-medium-font-size\" style=\"grid-template-columns:auto 36%\"><div class=\"wp-block-media-text__content\">\n<ul class=\"has-medium-font-size wp-block-list\">\n<li class=\"has-medium-font-size\">3 suitcases<\/li>\n\n\n\n<li class=\"has-medium-font-size\">2 trolleys<\/li>\n\n\n\n<li class=\"has-medium-font-size\">1 special baggage golf <\/li>\n\n\n\n<li class=\"has-medium-font-size\">Child seats ISOFIX<\/li>\n\n\n\n<li class=\"has-medium-font-size\">Folding\/sports wheelchair<\/li>\n\n\n\n<li class=\"has-medium-font-size\">free WiFi <\/li>\n<\/ul>\n<\/div><figure class=\"wp-block-media-text__media\"><img loading=\"lazy\" decoding=\"async\" width=\"1024\" height=\"586\" src=\"http:\/\/fmo-taxi.com\/wp-content\/uploads\/2023\/05\/Bildschirmfoto-2020-10-31-um-02.34.48-1-1024x586.png\" alt=\"\" class=\"wp-image-154 size-full\" srcset=\"https:\/\/www.fmo-taxi.com\/wp-content\/uploads\/2023\/05\/Bildschirmfoto-2020-10-31-um-02.34.48-1-1024x586.png 1024w, https:\/\/www.fmo-taxi.com\/wp-content\/uploads\/2023\/05\/Bildschirmfoto-2020-10-31-um-02.34.48-1-300x172.png 300w, https:\/\/www.fmo-taxi.com\/wp-content\/uploads\/2023\/05\/Bildschirmfoto-2020-10-31-um-02.34.48-1-768x440.png 768w, https:\/\/www.fmo-taxi.com\/wp-content\/uploads\/2023\/05\/Bildschirmfoto-2020-10-31-um-02.34.48-1.png 1128w\" sizes=\"auto, (max-width: 1024px) 100vw, 1024px\" \/><\/figure><\/div>\n\n\n\n<div class=\"wp-block-buttons has-custom-font-size has-small-font-size is-horizontal is-content-justification-left is-layout-flex wp-container-core-buttons-is-layout-7e5fce0a wp-block-buttons-is-layout-flex\">\n<div class=\"wp-block-button is-style-fill\"><a class=\"wp-block-button__link wp-element-button\" href=\"https:\/\/www.fmo-taxi.com\/en\/angebot-anfragen\/\">request a quote now<\/a><\/div>\n<\/div>\n\n\n\n<div style=\"height:100px\" aria-hidden=\"true\" class=\"wp-block-spacer\"><\/div>\n\n\n\n<h2 class=\"wp-block-heading alignwide\">The Mini Van V-Class 1-6 passengers<\/h2>\n\n\n\n<hr class=\"wp-block-separator has-alpha-channel-opacity is-style-wide\"\/>\n\n\n\n<div style=\"height:30px\" aria-hidden=\"true\" class=\"wp-block-spacer\"><\/div>\n\n\n\n<div class=\"wp-block-media-text alignwide is-stacked-on-mobile\"><figure class=\"wp-block-media-text__media\"><img loading=\"lazy\" decoding=\"async\" width=\"1024\" height=\"512\" src=\"http:\/\/fmo-taxi.com\/wp-content\/uploads\/2023\/05\/V-Class-Van-1024x512.gif\" alt=\"\" class=\"wp-image-165 size-full\" srcset=\"https:\/\/www.fmo-taxi.com\/wp-content\/uploads\/2023\/05\/V-Class-Van-1024x512.gif 1024w, https:\/\/www.fmo-taxi.com\/wp-content\/uploads\/2023\/05\/V-Class-Van-300x150.gif 300w, https:\/\/www.fmo-taxi.com\/wp-content\/uploads\/2023\/05\/V-Class-Van-768x384.gif 768w\" sizes=\"auto, (max-width: 1024px) 100vw, 1024px\" \/><\/figure><div class=\"wp-block-media-text__content\">\n<p>The Mercedes V-Class is ideal for business travelers and groups of up to 6 people. In this vehicle, passengers have plenty of space even when fully occupied, without feeling cramped. The equipment includes two air conditioning units (front and rear), two electric doors and a Burmester sound system. This means you can enjoy your trip with a good film or nice music.<\/p>\n<\/div><\/div>\n\n\n\n<div style=\"height:30px\" aria-hidden=\"true\" class=\"wp-block-spacer\"><\/div>\n\n\n\n<h2 class=\"wp-block-heading alignwide\">Equipment &amp; Luggage<\/h2>\n\n\n\n<div class=\"wp-block-media-text alignwide has-media-on-the-right is-stacked-on-mobile is-image-fill\" style=\"grid-template-columns:auto 49%\"><div class=\"wp-block-media-text__content\">\n<ul class=\"has-medium-font-size wp-block-list\">\n<li class=\"has-medium-font-size\">6 suitcases<\/li>\n\n\n\n<li>6 suitcases<\/li>\n\n\n\n<li>2 special luggage golf <\/li>\n\n\n\n<li>Child seats ISOFIX<\/li>\n\n\n\n<li>Folding\/sports wheelchair<\/li>\n\n\n\n<li>free WiFi <\/li>\n<\/ul>\n<\/div><figure class=\"wp-block-media-text__media\" style=\"background-image:url(http:\/\/fmo-taxi.com\/wp-content\/uploads\/2023\/05\/V447-Innenraum-6-Sitze-scaled-1-1024x439.jpg);background-position:50% 50%\"><img loading=\"lazy\" decoding=\"async\" width=\"1024\" height=\"439\" src=\"http:\/\/fmo-taxi.com\/wp-content\/uploads\/2023\/05\/V447-Innenraum-6-Sitze-scaled-1-1024x439.jpg\" alt=\"\" class=\"wp-image-211 size-full\" srcset=\"https:\/\/www.fmo-taxi.com\/wp-content\/uploads\/2023\/05\/V447-Innenraum-6-Sitze-scaled-1-1024x439.jpg 1024w, https:\/\/www.fmo-taxi.com\/wp-content\/uploads\/2023\/05\/V447-Innenraum-6-Sitze-scaled-1-300x129.jpg 300w, https:\/\/www.fmo-taxi.com\/wp-content\/uploads\/2023\/05\/V447-Innenraum-6-Sitze-scaled-1-768x329.jpg 768w, https:\/\/www.fmo-taxi.com\/wp-content\/uploads\/2023\/05\/V447-Innenraum-6-Sitze-scaled-1-1536x659.jpg 1536w, https:\/\/www.fmo-taxi.com\/wp-content\/uploads\/2023\/05\/V447-Innenraum-6-Sitze-scaled-1-2048x878.jpg 2048w\" sizes=\"auto, (max-width: 1024px) 100vw, 1024px\" \/><\/figure><\/div>\n\n\n\n<div class=\"wp-block-buttons has-custom-font-size has-small-font-size is-horizontal is-content-justification-left is-layout-flex wp-container-core-buttons-is-layout-7e5fce0a wp-block-buttons-is-layout-flex\">\n<div class=\"wp-block-button is-style-fill\"><a class=\"wp-block-button__link wp-element-button\" href=\"https:\/\/www.fmo-taxi.com\/en\/angebot-anfragen\/\">request a quote now<\/a><\/div>\n<\/div>\n\n\n\n<div style=\"height:100px\" aria-hidden=\"true\" class=\"wp-block-spacer\"><\/div>\n\n\n\n<h2 class=\"wp-block-heading alignwide\">Golf trips for 6 passengers with golf luggage &amp; suitcases <\/h2>\n\n\n\n<hr class=\"wp-block-separator has-alpha-channel-opacity is-style-wide\"\/>\n\n\n\n<p>You travel comfortably in the front of the vehicle, your luggage dry and safe in the back of the trailer. <\/p>\n\n\n\n<div class=\"wp-block-media-text alignwide has-media-on-the-right is-stacked-on-mobile is-image-fill\" style=\"grid-template-columns:auto 34%\"><div class=\"wp-block-media-text__content\">\n<ul class=\"has-medium-font-size wp-block-list\">\n<li class=\"has-medium-font-size\">up to 10 suitcases<\/li>\n\n\n\n<li>up to 10 golf bags<\/li>\n\n\n\n<li> up to 10 trolleys<\/li>\n\n\n\n<li>100% waterproof<\/li>\n\n\n\n<li>impact protected<\/li>\n\n\n\n<li>approved up to 100 km\/h<\/li>\n<\/ul>\n<\/div><figure class=\"wp-block-media-text__media\" style=\"background-image:url(https:\/\/www.fmo-taxi.com\/wp-content\/uploads\/2023\/05\/anhaenger.webp);background-position:50% 50%\"><img loading=\"lazy\" decoding=\"async\" width=\"760\" height=\"500\" src=\"https:\/\/www.fmo-taxi.com\/wp-content\/uploads\/2023\/05\/anhaenger.webp\" alt=\"\" class=\"wp-image-295 size-full\" srcset=\"https:\/\/www.fmo-taxi.com\/wp-content\/uploads\/2023\/05\/anhaenger.webp 760w, https:\/\/www.fmo-taxi.com\/wp-content\/uploads\/2023\/05\/anhaenger-300x197.webp 300w\" sizes=\"auto, (max-width: 760px) 100vw, 760px\" \/><\/figure><\/div>\n\n\n\n<div class=\"wp-block-buttons has-custom-font-size has-small-font-size is-horizontal is-content-justification-left is-layout-flex wp-container-core-buttons-is-layout-7e5fce0a wp-block-buttons-is-layout-flex\">\n<div class=\"wp-block-button is-style-fill\"><a class=\"wp-block-button__link wp-element-button\" href=\"https:\/\/www.fmo-taxi.com\/en\/angebot-anfragen\/\">request a quote now<\/a><\/div>\n<\/div>\n\n\n\n<div style=\"height:100px\" aria-hidden=\"true\" class=\"wp-block-spacer\"><\/div>\n\n\n\n<h2 class=\"wp-block-heading alignwide\"><strong>Quality &amp; Maintenance<\/strong><\/h2>\n\n\n\n<hr class=\"wp-block-separator has-alpha-channel-opacity is-style-default\"\/>\n\n\n\n<div class=\"wp-block-media-text alignwide has-media-on-the-right is-stacked-on-mobile\" style=\"grid-template-columns:auto 15%\"><div class=\"wp-block-media-text__content\">\n<p>We rely on the high quality and reliability of German premium vehicle manufacturers. Our decades of experience show us that this decision is the right one and that we can therefore offer you a reliable service. The vehicles are always up to date and are serviced in specialist workshops according to the manufacturer's specifications in order to guarantee a high safety standard.<\/p>\n<\/div><figure class=\"wp-block-media-text__media\"><img loading=\"lazy\" decoding=\"async\" width=\"150\" height=\"108\" src=\"https:\/\/fmo-taxi.com\/wp-content\/uploads\/2023\/05\/Mercedes-Benz-Logo.svg_.png\" alt=\"\" class=\"wp-image-166 size-full\"\/><\/figure><\/div>\n\n\n\n<hr class=\"wp-block-separator has-css-opacity is-style-default\"\/>","protected":false},"excerpt":{"rendered":"<p>Die E-Klasse 1-3 Passagiere Reisen Sie in der Mercedes E-Klasse mit edler Innenausstattung f\u00fcr den h\u00f6chstm\u00f6glichen Reisekomfort. Die Klimaanlage sorgt f\u00fcr ein angenehmes Klima w\u00e4hrend der Fahrt. Zus\u00e4tzlich sch\u00fctzen die get\u00f6nten Fenster Ihre Privatsph\u00e4re vor Blicken von au\u00dfen. Ausstattung &amp; Gep\u00e4ck Die V-Klasse 1-6 Passagiere Ideal f\u00fcr Gesch\u00e4ftsreisende und Gruppen mit bis zu 6 Personen [&hellip;]<\/p>\n","protected":false},"author":1,"featured_media":0,"parent":0,"menu_order":0,"comment_status":"closed","ping_status":"closed","template":"templates\/template_page-full-width.php","meta":{"footnotes":""},"class_list":["post-127","page","type-page","status-publish","hentry"],"_links":{"self":[{"href":"https:\/\/www.fmo-taxi.com\/en\/wp-json\/wp\/v2\/pages\/127","targetHints":{"allow":["GET"]}}],"collection":[{"href":"https:\/\/www.fmo-taxi.com\/en\/wp-json\/wp\/v2\/pages"}],"about":[{"href":"https:\/\/www.fmo-taxi.com\/en\/wp-json\/wp\/v2\/types\/page"}],"author":[{"embeddable":true,"href":"https:\/\/www.fmo-taxi.com\/en\/wp-json\/wp\/v2\/users\/1"}],"replies":[{"embeddable":true,"href":"https:\/\/www.fmo-taxi.com\/en\/wp-json\/wp\/v2\/comments?post=127"}],"version-history":[{"count":48,"href":"https:\/\/www.fmo-taxi.com\/en\/wp-json\/wp\/v2\/pages\/127\/revisions"}],"predecessor-version":[{"id":1377,"href":"https:\/\/www.fmo-taxi.com\/en\/wp-json\/wp\/v2\/pages\/127\/revisions\/1377"}],"wp:attachment":[{"href":"https:\/\/www.fmo-taxi.com\/en\/wp-json\/wp\/v2\/media?parent=127"}],"curies":[{"name":"wp","href":"https:\/\/api.w.org\/{rel}","templated":true}]}}