{"id":522,"date":"2023-09-18T21:52:34","date_gmt":"2023-09-18T21:52:34","guid":{"rendered":"https:\/\/www.fmo-taxi.com\/?page_id=522"},"modified":"2024-09-30T04:01:55","modified_gmt":"2024-09-30T04:01:55","slug":"flughafentransfer","status":"publish","type":"page","link":"http:\/\/www.fmo-taxi.com\/en\/flughafentransfer\/","title":{"rendered":"Airport Transfer"},"content":{"rendered":"<h2 class=\"wp-block-heading\">Service area and other destination airports <\/h2>\n\n\n\n<div style=\"height:50px\" aria-hidden=\"true\" class=\"wp-block-spacer\"><\/div>\n\n\n\n<p>Our main area of \u200b\u200boperation is North Rhine-Westphalia, Muensterland and Osnabruecker Land. \nBelow you will find a list of the airports we regularly serve. \nIs your personal destination missing? We would be happy to send you an quote for destinations not listed.&nbsp;<\/p>\n\n\n\n<p>Transfer from and to other German airports&nbsp;<\/p>\n\n\n\n<p>Is your personal destination missing? We would be happy to send you an offer for destinations not listed.<\/p>\n\n\n\n<div style=\"height:50px\" aria-hidden=\"true\" class=\"wp-block-spacer\"><\/div>\n\n\n\n<hr class=\"wp-block-separator has-alpha-channel-opacity\"\/>\n\n\n\n<h2 class=\"wp-block-heading\">Transfer from and to other German airports <\/h2>\n\n\n\n<div style=\"height:27px\" aria-hidden=\"true\" class=\"wp-block-spacer\"><\/div>\n\n\n\n<div class=\"wp-block-media-text has-media-on-the-right is-stacked-on-mobile has-medium-font-size\" style=\"grid-template-columns:auto 47%\"><div class=\"wp-block-media-text__content\">\n<ul class=\"wp-block-list\">\n<li>Flughafen M\u00fcnster\/Osnabr\u00fcck  <a href=\"https:\/\/www.fmo.de\">FMO<\/a>  <\/li>\n\n\n\n<li>Bremen Airport <a href=\"https:\/\/www.bremen-airport.com\">BRE<\/a><\/li>\n\n\n\n<li>D\u00fcsseldorf International <a href=\"https:\/\/www.dus.com\">DUS<\/a><\/li>\n\n\n\n<li>Dortmund Airport <a href=\"https:\/\/www.dortmund-airport.de\">DTM<\/a><\/li>\n\n\n\n<li>Emden <a href=\"https:\/\/aviation-park-north-sea.com\">EME<\/a><\/li>\n\n\n\n<li>Frankfurt Airport <a href=\"https:\/\/www.frankfurt-airport.com\">FRA<\/a><\/li>\n\n\n\n<li>Hannover <a href=\"https:\/\/www.hannover-airport.de\">HAN <\/a><\/li>\n\n\n\n<li>Hamburg <a href=\"https:\/\/www.hamburg-airport.de\">HAM<\/a><\/li>\n\n\n\n<li>K\u00f6ln\/Bonn Airport <a href=\"https:\/\/www.koeln-bonn-airport.de\">CGN<\/a><\/li>\n\n\n\n<li>Kassel <a href=\"https:\/\/www.kassel-airport.de\">KSF<\/a><\/li>\n\n\n\n<li>Paderborn Airport <a href=\"https:\/\/www.airport-pad.com\">PAD<\/a><\/li>\n\n\n\n<li>Weeze Airport <a href=\"https:\/\/airport-weeze.com\">NRN<\/a><\/li>\n<\/ul>\n\n\n\n<hr class=\"wp-block-separator has-alpha-channel-opacity\"\/>\n\n\n\n<h2 class=\"wp-block-heading\">Internationale Airports<\/h2>\n\n\n\n<div style=\"height:32px\" aria-hidden=\"true\" class=\"wp-block-spacer\"><\/div>\n\n\n\n<ul class=\"wp-block-list\">\n<li>Amsterdam Schiphol <a href=\"https:\/\/www.schiphol.nl\">AMS<\/a><\/li>\n\n\n\n<li>Br\u00fcssel-Zaventem <a href=\"https:\/\/www.brusselsairport.be\">BRU<\/a><\/li>\n\n\n\n<li>Enschede\/Twente <a href=\"https:\/\/www.twente-airport.nl\">ENS<\/a><\/li>\n\n\n\n<li>L\u00fcttich Airport <a href=\"https:\/\/www.liegeairport.com\">LGG<\/a><\/li>\n\n\n\n<li>Paris Airport <a href=\"https:\/\/www.parisaeroport.fr\">CDG<\/a><\/li>\n<\/ul>\n<\/div><figure class=\"wp-block-media-text__media\"><img loading=\"lazy\" decoding=\"async\" width=\"796\" height=\"1024\" src=\"https:\/\/www.fmo-taxi.com\/wp-content\/uploads\/2023\/09\/Zielkarte-FMO-TAXI.com_-796x1024.jpg\" alt=\"Zielkarte FMO-TAXI.com\" class=\"wp-image-590 size-full\" srcset=\"https:\/\/www.fmo-taxi.com\/wp-content\/uploads\/2023\/09\/Zielkarte-FMO-TAXI.com_-796x1024.jpg 796w, https:\/\/www.fmo-taxi.com\/wp-content\/uploads\/2023\/09\/Zielkarte-FMO-TAXI.com_-233x300.jpg 233w, https:\/\/www.fmo-taxi.com\/wp-content\/uploads\/2023\/09\/Zielkarte-FMO-TAXI.com_-768x989.jpg 768w, https:\/\/www.fmo-taxi.com\/wp-content\/uploads\/2023\/09\/Zielkarte-FMO-TAXI.com_.jpg 947w\" sizes=\"auto, (max-width: 796px) 100vw, 796px\" \/><\/figure><\/div>\n\n\n\n<div class=\"wp-block-buttons is-layout-flex wp-block-buttons-is-layout-flex\">\n<div class=\"wp-block-button\"><a class=\"wp-block-button__link wp-element-button\" href=\"http:\/\/www.fmo-taxi.com\/en\/angebot-anfragen\/\">request a quote now<\/a><\/div>\n<\/div>","protected":false},"excerpt":{"rendered":"<p>Einzugsgebiet und andere Zielflugh\u00e4fen Unser Haupteinsatzgebiet ist Nordrhein-Westfalen, das M\u00fcnsterland und Osnabr\u00fccker Land.&nbsp; Sehen Sie im Folgenden eine Liste der von uns regelm\u00e4\u00dfig angefahrenen Airports.&nbsp; Ihr pers\u00f6nliches Ziel fehlt? Gerne senden wir Ihnen auch ein Angebot f\u00fcr nicht gelistete Ziele. Transfer von und zu anderen deutschen Flugh\u00e4fen<\/p>","protected":false},"author":1,"featured_media":0,"parent":0,"menu_order":0,"comment_status":"closed","ping_status":"closed","template":"templates\/template_page-full-width.php","meta":{"footnotes":""},"class_list":["post-522","page","type-page","status-publish","hentry"],"_links":{"self":[{"href":"http:\/\/www.fmo-taxi.com\/en\/wp-json\/wp\/v2\/pages\/522","targetHints":{"allow":["GET"]}}],"collection":[{"href":"http:\/\/www.fmo-taxi.com\/en\/wp-json\/wp\/v2\/pages"}],"about":[{"href":"http:\/\/www.fmo-taxi.com\/en\/wp-json\/wp\/v2\/types\/page"}],"author":[{"embeddable":true,"href":"http:\/\/www.fmo-taxi.com\/en\/wp-json\/wp\/v2\/users\/1"}],"replies":[{"embeddable":true,"href":"http:\/\/www.fmo-taxi.com\/en\/wp-json\/wp\/v2\/comments?post=522"}],"version-history":[{"count":28,"href":"http:\/\/www.fmo-taxi.com\/en\/wp-json\/wp\/v2\/pages\/522\/revisions"}],"predecessor-version":[{"id":1571,"href":"http:\/\/www.fmo-taxi.com\/en\/wp-json\/wp\/v2\/pages\/522\/revisions\/1571"}],"wp:attachment":[{"href":"http:\/\/www.fmo-taxi.com\/en\/wp-json\/wp\/v2\/media?parent=522"}],"curies":[{"name":"wp","href":"https:\/\/api.w.org\/{rel}","templated":true}]}}